{"id":6199,"date":"2025-06-18T11:14:11","date_gmt":"2025-06-18T14:14:11","guid":{"rendered":"https:\/\/homine.tech\/?page_id=6199"},"modified":"2025-06-18T14:06:08","modified_gmt":"2025-06-18T17:06:08","slug":"contato-2","status":"publish","type":"page","link":"https:\/\/homine.tech\/en\/contato-2\/","title":{"rendered":"Landing Page"},"content":{"rendered":"<div data-elementor-type=\"wp-page\" data-elementor-id=\"6199\" class=\"elementor elementor-6199\">\n\t\t\t\t\t\t<section class=\"elementor-section elementor-top-section elementor-element elementor-element-6b8b4ee8 elementor-section-stretched elementor-section-boxed elementor-section-height-default elementor-section-height-default\" data-id=\"6b8b4ee8\" data-element_type=\"section\" data-e-type=\"section\" data-settings=\"{&quot;stretch_section&quot;:&quot;section-stretched&quot;,&quot;background_background&quot;:&quot;classic&quot;}\">\n\t\t\t\t\t\t<div class=\"elementor-container elementor-column-gap-default\">\n\t\t\t\t\t<div class=\"elementor-column elementor-col-66 elementor-top-column elementor-element elementor-element-30ac2674\" data-id=\"30ac2674\" data-element_type=\"column\" data-e-type=\"column\">\n\t\t\t<div class=\"elementor-widget-wrap elementor-element-populated\">\n\t\t\t\t\t\t<div class=\"elementor-element elementor-element-ae3a3d3 elementor-widget__width-initial elementor-widget elementor-widget-text-editor\" data-id=\"ae3a3d3\" data-element_type=\"widget\" data-e-type=\"widget\" data-widget_type=\"text-editor.default\">\n\t\t\t\t<div class=\"elementor-widget-container\">\n\t\t\t\t\t\t\t\t\t<ol><li dir=\"ltr\" style=\"line-height: 1.38;\"><strong style=\"color: #161922; font-family: Poppins, -apple-system, BlinkMacSystemFont, 'Segoe UI', Roboto, Oxygen-Sans, Ubuntu, Cantarell, 'Helvetica Neue', sans-serif; font-size: 30px; letter-spacing: 0px;\"><span style=\"font-size: 13pt; font-family: Lexend, sans-serif; color: #ffffff; font-style: normal; font-variant-ligatures: normal; font-variant-caps: normal; font-variant-alternates: normal; font-variant-numeric: normal; font-variant-east-asian: normal; font-variant-position: normal; white-space: pre-wrap;\"> Quem somos e por que confiar na Homine<\/span><\/strong><\/li><\/ol><p dir=\"ltr\" style=\"line-height: 1.38; margin-top: 12pt; margin-bottom: 12pt;\"><strong><span style=\"font-size: 11pt; font-family: Lexend, sans-serif; color: #ffffff; background-color: transparent; font-style: normal; font-variant-ligatures: normal; font-variant-caps: normal; font-variant-alternates: normal; font-variant-numeric: normal; font-variant-east-asian: normal; font-variant-position: normal; text-decoration: none; vertical-align: baseline; white-space: pre-wrap;\">Homine is an official SAP partner with over 20 years of experience in projects in Brazil, Latin America, the USA and Europe. We work in all stages of ERP implementation, from modeling to support, with a total focus on productivity, integration and cost reduction.<\/span><\/strong><\/p><p dir=\"ltr\" style=\"line-height: 1.38; margin-top: 12pt; margin-bottom: 12pt;\"><strong><span style=\"color: #ffffff;\"><span style=\"font-size: 11pt; font-family: Lexend, sans-serif; background-color: transparent; font-style: normal; font-variant-ligatures: normal; font-variant-caps: normal; font-variant-alternates: normal; font-variant-numeric: normal; font-variant-east-asian: normal; font-variant-position: normal; text-decoration: none; vertical-align: baseline; white-space: pre-wrap;\">Our differences:<\/span><span style=\"font-size: 11pt; font-family: Lexend, sans-serif; background-color: transparent; font-style: normal; font-variant-ligatures: normal; font-variant-caps: normal; font-variant-alternates: normal; font-variant-numeric: normal; font-variant-east-asian: normal; font-variant-position: normal; text-decoration: none; vertical-align: baseline; white-space: pre-wrap;\"><br \/><\/span><span style=\"font-size: 11pt; font-family: Lexend, sans-serif; background-color: transparent; font-style: normal; font-variant-ligatures: normal; font-variant-caps: normal; font-variant-alternates: normal; font-variant-numeric: normal; font-variant-east-asian: normal; font-variant-position: normal; text-decoration: none; vertical-align: baseline; white-space: pre-wrap;\"> \u2714\ufe0f Especialistas em localiza\u00e7\u00e3o fiscal e tribut\u00e1ria LATAM<\/span><span style=\"font-size: 11pt; font-family: Lexend, sans-serif; background-color: transparent; font-style: normal; font-variant-ligatures: normal; font-variant-caps: normal; font-variant-alternates: normal; font-variant-numeric: normal; font-variant-east-asian: normal; font-variant-position: normal; text-decoration: none; vertical-align: baseline; white-space: pre-wrap;\"><br \/><\/span><span style=\"font-size: 11pt; font-family: Lexend, sans-serif; background-color: transparent; font-style: normal; font-variant-ligatures: normal; font-variant-caps: normal; font-variant-alternates: normal; font-variant-numeric: normal; font-variant-east-asian: normal; font-variant-position: normal; text-decoration: none; vertical-align: baseline; white-space: pre-wrap;\"> \u2714\ufe0f Experi\u00eancia pr\u00e1tica com S\/4HANA<\/span><span style=\"font-size: 11pt; font-family: Lexend, sans-serif; background-color: transparent; font-style: normal; font-variant-ligatures: normal; font-variant-caps: normal; font-variant-alternates: normal; font-variant-numeric: normal; font-variant-east-asian: normal; font-variant-position: normal; text-decoration: none; vertical-align: baseline; white-space: pre-wrap;\"><br \/><\/span><span style=\"font-size: 11pt; font-family: Lexend, sans-serif; background-color: transparent; font-style: normal; font-variant-ligatures: normal; font-variant-caps: normal; font-variant-alternates: normal; font-variant-numeric: normal; font-variant-east-asian: normal; font-variant-position: normal; text-decoration: none; vertical-align: baseline; white-space: pre-wrap;\"> \u2714\ufe0f Desenvolvimento de solu\u00e7\u00f5es pr\u00f3prias para acelerar resultados<\/span><span style=\"font-size: 11pt; font-family: Lexend, sans-serif; background-color: transparent; font-style: normal; font-variant-ligatures: normal; font-variant-caps: normal; font-variant-alternates: normal; font-variant-numeric: normal; font-variant-east-asian: normal; font-variant-position: normal; text-decoration: none; vertical-align: baseline; white-space: pre-wrap;\"><br \/><\/span><span style=\"font-size: 11pt; font-family: Lexend, sans-serif; background-color: transparent; font-style: normal; font-variant-ligatures: normal; font-variant-caps: normal; font-variant-alternates: normal; font-variant-numeric: normal; font-variant-east-asian: normal; font-variant-position: normal; text-decoration: none; vertical-align: baseline; white-space: pre-wrap;\"> \u2714\ufe0f Technical and advisory support, adapted to your reality<\/span><\/span><\/strong><\/p><ol><li dir=\"ltr\" style=\"line-height: 1.38;\"><span style=\"color: #ffffff; font-family: Lexend, sans-serif;\"><span style=\"caret-color: #ffffff; font-size: 17.333334px; white-space-collapse: preserve;\"><b>Como funciona a implementa\u00e7\u00e3o?<\/b><\/span><\/span>\u00a0<\/li><\/ol><p dir=\"ltr\" style=\"line-height: 1.38; margin-top: 12pt; margin-bottom: 12pt;\"><span style=\"font-size: inherit; font-style: inherit; font-variant-caps: inherit; letter-spacing: 0px; color: #ffffff; font-family: Lexend, sans-serif;\"><span style=\"font-size: 14.666667px; white-space-collapse: preserve;\"><b>Nosso time acompanha <\/b><\/span><\/span><strong style=\"letter-spacing: 0px;\"><span style=\"font-variant-ligatures: normal; font-variant-alternates: normal; font-variant-numeric: normal; font-variant-east-asian: normal; font-variant-position: normal; caret-color: #ffffff; font-size: 14.666667px; white-space-collapse: preserve;\"><span style=\"color: #ffffff; font-family: Lexend, sans-serif;\">todas as etapas do projeto, com atua\u00e7\u00e3o consultiva e t\u00e9cnica: <\/span><\/span><\/strong><\/p><p dir=\"ltr\" style=\"line-height: 1.38; margin-top: 12pt; margin-bottom: 12pt;\"><strong><span style=\"font-variant-alternates: normal; font-variant-ligatures: normal; font-variant-numeric: normal; font-variant-east-asian: normal; font-variant-position: normal;\"><span style=\"color: #ffffff; font-family: Lexend, sans-serif;\"><span style=\"caret-color: #ffffff; font-size: 14.666667px; white-space-collapse: preserve;\"><br \/><\/span><\/span><\/span><\/strong><strong style=\"font-style: normal; font-variant-caps: normal; font-size: 1px; font-family: Roboto, sans-serif;\"><span style=\"font-style: normal; font-variant-caps: normal; font-size: 11pt; font-family: Lexend, sans-serif; font-variant-alternates: normal; font-variant-ligatures: normal; font-variant-numeric: normal; font-variant-east-asian: normal; font-variant-position: normal; color: #ffffff; white-space: pre-wrap;\"> \u2714\ufe0f <\/span><\/strong><strong><span style=\"font-variant-alternates: normal; font-variant-ligatures: normal; font-variant-numeric: normal; font-variant-east-asian: normal; font-variant-position: normal;\"><span style=\"color: #ffffff; font-family: Lexend, sans-serif;\"><span style=\"caret-color: #ffffff; font-size: 14.666667px; white-space-collapse: preserve;\">Desenho do blueprint da solu\u00e7\u00e3o<br \/><\/span><\/span><\/span><\/strong><strong style=\"font-style: normal; font-variant-caps: normal; font-size: 1px; font-family: Roboto, sans-serif;\"><span style=\"font-style: normal; font-variant-caps: normal; font-size: 11pt; font-family: Lexend, sans-serif; font-variant-alternates: normal; font-variant-ligatures: normal; font-variant-numeric: normal; font-variant-east-asian: normal; font-variant-position: normal; color: #ffffff; white-space: pre-wrap;\"> \u2714\ufe0f <\/span><\/strong><strong><span style=\"font-variant-alternates: normal; font-variant-ligatures: normal; font-variant-numeric: normal; font-variant-east-asian: normal; font-variant-position: normal;\"><span style=\"color: #ffffff; font-family: Lexend, sans-serif;\"><span style=\"caret-color: #ffffff; font-size: 14.666667px; white-space-collapse: preserve;\">Planejamento t\u00e9cnico e de neg\u00f3cios<br \/><\/span><\/span><\/span><\/strong><strong style=\"font-style: normal; font-variant-caps: normal; font-size: 1px; font-family: Roboto, sans-serif;\"><span style=\"font-style: normal; font-variant-caps: normal; font-size: 11pt; font-family: Lexend, sans-serif; font-variant-alternates: normal; font-variant-ligatures: normal; font-variant-numeric: normal; font-variant-east-asian: normal; font-variant-position: normal; color: #ffffff; white-space: pre-wrap;\"> \u2714\ufe0f <\/span><\/strong><strong><span style=\"font-variant-alternates: normal; font-variant-ligatures: normal; font-variant-numeric: normal; font-variant-east-asian: normal; font-variant-position: normal;\"><span style=\"color: #ffffff; font-family: Lexend, sans-serif;\"><span style=\"caret-color: #ffffff; font-size: 14.666667px; white-space-collapse: preserve;\">Sale of SAP licenses<br \/><\/span><\/span><\/span><\/strong><strong style=\"font-style: normal; font-variant-caps: normal; font-size: 1px; font-family: Roboto, sans-serif;\"><span style=\"font-style: normal; font-variant-caps: normal; font-size: 11pt; font-family: Lexend, sans-serif; font-variant-alternates: normal; font-variant-ligatures: normal; font-variant-numeric: normal; font-variant-east-asian: normal; font-variant-position: normal; color: #ffffff; white-space: pre-wrap;\"> \u2714\ufe0f <\/span><\/strong><strong><span style=\"font-variant-alternates: normal; font-variant-ligatures: normal; font-variant-numeric: normal; font-variant-east-asian: normal; font-variant-position: normal;\"><span style=\"color: #ffffff; font-family: Lexend, sans-serif;\"><span style=\"caret-color: #ffffff; font-size: 14.666667px; white-space-collapse: preserve;\">Integra\u00e7\u00e3o com sistemas legados e Add-ons<br \/><\/span><\/span><\/span><\/strong><strong style=\"font-style: normal; font-variant-caps: normal; font-size: 1px; font-family: Roboto, sans-serif;\"><span style=\"font-style: normal; font-variant-caps: normal; font-size: 11pt; font-family: Lexend, sans-serif; font-variant-alternates: normal; font-variant-ligatures: normal; font-variant-numeric: normal; font-variant-east-asian: normal; font-variant-position: normal; color: #ffffff; white-space: pre-wrap;\"> \u2714\ufe0f <\/span><\/strong><strong><span style=\"font-variant-alternates: normal; font-variant-ligatures: normal; font-variant-numeric: normal; font-variant-east-asian: normal; font-variant-position: normal;\"><span style=\"color: #ffffff; font-family: Lexend, sans-serif;\"><span style=\"caret-color: #ffffff; font-size: 14.666667px; white-space-collapse: preserve;\">Localiza\u00e7\u00e3o para Brasil e Am\u00e9rica Latina<br \/><\/span><\/span><\/span><\/strong><strong style=\"font-style: normal; font-variant-caps: normal; font-size: 1px; font-family: Roboto, sans-serif;\"><span style=\"font-style: normal; font-variant-caps: normal; font-size: 11pt; font-family: Lexend, sans-serif; font-variant-alternates: normal; font-variant-ligatures: normal; font-variant-numeric: normal; font-variant-east-asian: normal; font-variant-position: normal; color: #ffffff; white-space: pre-wrap;\"> \u2714\ufe0f <\/span><\/strong><strong><span style=\"font-variant-alternates: normal; font-variant-ligatures: normal; font-variant-numeric: normal; font-variant-east-asian: normal; font-variant-position: normal;\"><span style=\"color: #ffffff; font-family: Lexend, sans-serif;\"><span style=\"caret-color: #ffffff; font-size: 14.666667px; white-space-collapse: preserve;\">Customiza\u00e7\u00f5es ABAP e evolu\u00e7\u00e3o cont\u00ednu<br \/><\/span><\/span><\/span><\/strong><strong style=\"font-style: normal; font-variant-caps: normal; font-size: 1px; font-family: Roboto, sans-serif;\"><span style=\"font-style: normal; font-variant-caps: normal; font-size: 11pt; font-family: Lexend, sans-serif; font-variant-alternates: normal; font-variant-ligatures: normal; font-variant-numeric: normal; font-variant-east-asian: normal; font-variant-position: normal; color: #ffffff; white-space: pre-wrap;\"> \u2714\ufe0f <\/span><\/strong><strong><span style=\"font-variant-alternates: normal; font-variant-ligatures: normal; font-variant-numeric: normal; font-variant-east-asian: normal; font-variant-position: normal;\"><span style=\"color: #ffffff; font-family: Lexend, sans-serif;\"><span style=\"caret-color: #ffffff; font-size: 14.666667px; white-space-collapse: preserve;\">Treinamentos operacionais para sua equipe<\/span><\/span><br \/><\/span> <\/strong><\/p>\t\t\t\t\t\t\t\t<\/div>\n\t\t\t\t<\/div>\n\t\t\t\t\t<\/div>\n\t\t<\/div>\n\t\t\t\t<div class=\"elementor-column elementor-col-33 elementor-top-column elementor-element elementor-element-61390d32\" data-id=\"61390d32\" data-element_type=\"column\" data-e-type=\"column\">\n\t\t\t<div class=\"elementor-widget-wrap elementor-element-populated\">\n\t\t\t\t\t\t<div class=\"elementor-element elementor-element-47184bdc elementor-widget elementor-widget-heading\" data-id=\"47184bdc\" data-element_type=\"widget\" data-e-type=\"widget\" data-widget_type=\"heading.default\">\n\t\t\t\t<div class=\"elementor-widget-container\">\n\t\t\t\t\t<h2 class=\"elementor-heading-title elementor-size-default\">SAP IMPLEMENTATION <br><ol style=\"font-style: normal;font-size: 1px;font-family: Roboto, sans-serif;white-space: normal\"><li dir=\"ltr\" style=\"line-height: 1.38\"><br><\/li><\/ol><p dir=\"ltr\" style=\"margin-top: 12pt;margin-bottom: 12pt;font-style: normal;font-size: 1px;line-height: 1.38;font-family: Roboto, sans-serif;white-space: normal\"><span style=\"font-style: normal;font-size: 11pt;font-family: Lexend, sans-serif;white-space: pre-wrap\">Implemente o SAP com seguran\u00e7a, performance e personaliza\u00e7\u00e3o.<\/span><span style=\"font-style: normal;font-size: 11pt;font-family: Lexend, sans-serif;white-space: pre-wrap\"><br><\/span><span style=\"font-style: normal;font-size: 11pt;font-family: Lexend, sans-serif;white-space: pre-wrap\"> Transformamos os processos do seu neg\u00f3cio utilizando todo o potencial da plataforma SAP \u2014 com implanta\u00e7\u00e3o t\u00e9cnica, estrat\u00e9gica e sob medida para a sua opera\u00e7\u00e3o.<\/span><\/p><span style=\"font-family: Lexend, sans-serif;font-size: 11pt;font-style: italic;letter-spacing: 0px\">Quero agendar uma consultoria gratuita<\/span><\/h2>\t\t\t\t<\/div>\n\t\t\t\t<\/div>\n\t\t\t\t<div class=\"elementor-element elementor-element-9bcf312 elementor-widget elementor-widget-text-editor\" data-id=\"9bcf312\" data-element_type=\"widget\" data-e-type=\"widget\" data-widget_type=\"text-editor.default\">\n\t\t\t\t<div class=\"elementor-widget-container\">\n\t\t\t\t\t\t\t\t\t<p>\n<div class=\"wpcf7 no-js\" id=\"wpcf7-f8-o1\" lang=\"pt-BR\" dir=\"ltr\" data-wpcf7-id=\"8\">\n<div class=\"screen-reader-response\"><p role=\"status\" aria-live=\"polite\" aria-atomic=\"true\"><\/p> <ul><\/ul><\/div>\n<form action=\"\/en\/wp-json\/wp\/v2\/pages\/6199#wpcf7-f8-o1\" method=\"post\" class=\"wpcf7-form init\" aria-label=\"contact forms\" novalidate=\"novalidate\" data-status=\"init\" data-trp-original-action=\"\/en\/wp-json\/wp\/v2\/pages\/6199#wpcf7-f8-o1\">\n<fieldset class=\"hidden-fields-container\"><input type=\"hidden\" name=\"_wpcf7\" value=\"8\" \/><input type=\"hidden\" name=\"_wpcf7_version\" value=\"6.1.5\" \/><input type=\"hidden\" name=\"_wpcf7_locale\" value=\"pt_BR\" \/><input type=\"hidden\" name=\"_wpcf7_unit_tag\" value=\"wpcf7-f8-o1\" \/><input type=\"hidden\" name=\"_wpcf7_container_post\" value=\"0\" \/><input type=\"hidden\" name=\"_wpcf7_posted_data_hash\" value=\"\" \/><input type=\"hidden\" name=\"_wpcf7dtx_version\" value=\"5.0.3\" \/><input type=\"hidden\" name=\"_wpcf7_recaptcha_response\" value=\"\" \/>\n<\/fieldset>\n<p><span class=\"wpcf7-form-control-wrap\" data-name=\"your-name\"><input size=\"40\" maxlength=\"400\" class=\"wpcf7-form-control wpcf7-text wpcf7-validates-as-required\" aria-required=\"true\" aria-invalid=\"false\" placeholder=\"Full name\" value=\"\" type=\"text\" name=\"your-name\" \/><\/span><br \/>\n<span class=\"wpcf7-form-control-wrap\" data-name=\"your-email\"><input size=\"40\" maxlength=\"400\" class=\"wpcf7-form-control wpcf7-email wpcf7-validates-as-required wpcf7-text wpcf7-validates-as-email\" aria-required=\"true\" aria-invalid=\"false\" placeholder=\"Corporate email\" value=\"\" type=\"email\" name=\"your-email\" \/><\/span><br \/>\n<span class=\"wpcf7-form-control-wrap\" data-name=\"your-tel\"><input size=\"40\" maxlength=\"400\" class=\"wpcf7-form-control wpcf7-tel wpcf7-validates-as-required wpcf7-text wpcf7-validates-as-tel\" aria-required=\"true\" aria-invalid=\"false\" placeholder=\"Telephone\" value=\"\" type=\"tel\" name=\"your-tel\" \/><\/span><br \/>\n<span class=\"wpcf7-form-control-wrap\" data-name=\"your-subject\"><input size=\"40\" maxlength=\"400\" class=\"wpcf7-form-control wpcf7-text wpcf7-validates-as-required\" aria-required=\"true\" aria-invalid=\"false\" placeholder=\"Subject\" value=\"\" type=\"text\" name=\"your-subject\" \/><\/span><br \/>\n<span class=\"wpcf7-form-control-wrap\" data-name=\"your-message\"><textarea cols=\"40\" rows=\"10\" maxlength=\"2000\" class=\"wpcf7-form-control wpcf7-textarea\" aria-invalid=\"false\" placeholder=\"Your message\" name=\"your-message\"><\/textarea><\/span>\n<\/p>\n<input class=\"wpcf7-form-control wpcf7-hidden\" value=\"\" type=\"hidden\" name=\"utm_source\" \/>\n<input class=\"wpcf7-form-control wpcf7-hidden\" value=\"\" type=\"hidden\" name=\"utm_campaign\" \/>\n<input class=\"wpcf7-form-control wpcf7-hidden\" value=\"\" type=\"hidden\" name=\"utm_medium\" \/>\n<input class=\"wpcf7-form-control wpcf7-hidden\" value=\"\" type=\"hidden\" name=\"utm_term\" \/>\n<input class=\"wpcf7-form-control wpcf7-hidden\" value=\"\" type=\"hidden\" name=\"utm_content\" \/>\n<input class=\"wpcf7-form-control wpcf7-hidden\" id=\"submission-datetime\" value=\"\" type=\"hidden\" name=\"submission_datetime\" \/>\n\n<p><input class=\"wpcf7-form-control wpcf7-submit has-spinner\" type=\"submit\" value=\"Send\" \/>\n<\/p><div class=\"wpcf7-response-output\" aria-hidden=\"true\"><\/div>\n<input type=\"hidden\" name=\"trp-form-language\" value=\"en\"\/><\/form>\n<\/div>\n<\/p>\t\t\t\t\t\t\t\t<\/div>\n\t\t\t\t<\/div>\n\t\t\t\t<div class=\"elementor-element elementor-element-e2e1f98 elementor-widget__width-initial elementor-widget elementor-widget-html\" data-id=\"e2e1f98\" data-element_type=\"widget\" data-e-type=\"widget\" data-widget_type=\"html.default\">\n\t\t\t\t<div class=\"elementor-widget-container\">\n\t\t\t\t\t<script>\r\ndocument.addEventListener('DOMContentLoaded', function () {\r\n  const form = document.querySelector('.wpcf7 form');\r\n  if (form) {\r\n    form.addEventListener('submit', function () {\r\n      const now = new Date();\r\n      const day = String(now.getDate()).padStart(2, '0');\r\n      const month = String(now.getMonth() + 1).padStart(2, '0');\r\n      const year = now.getFullYear();\r\n      const hours = String(now.getHours()).padStart(2, '0');\r\n      const minutes = String(now.getMinutes()).padStart(2, '0');\r\n      const seconds = String(now.getSeconds()).padStart(2, '0');\r\n\r\n      const datetimeBR = `${day}\/${month}\/${year} ${hours}:${minutes}:${seconds}`;\r\n      const input = document.querySelector('#submission-datetime');\r\n\r\n      if (input) {\r\n        input.value = datetimeBR;\r\n        console.log('\ud83d\udce9 submission_datetime preenchido com:', datetimeBR);\r\n      }\r\n    });\r\n  }\r\n});\r\n<\/script>\r\n\t\t\t\t<\/div>\n\t\t\t\t<\/div>\n\t\t\t\t\t<\/div>\n\t\t<\/div>\n\t\t\t\t\t<\/div>\n\t\t<\/section>\n\t\t\t\t<\/div>","protected":false},"excerpt":{"rendered":"<p>Quem somos e por que confiar na Homine A Homine \u00e9 parceira oficial SAP com mais de 20 anos de experi\u00eancia em projetos no Brasil, Am\u00e9rica<span class=\"excerpt-hellip\"> [\u2026]<\/span><\/p>","protected":false},"author":1,"featured_media":0,"parent":0,"menu_order":0,"comment_status":"closed","ping_status":"closed","template":"","meta":{"footnotes":""},"class_list":["post-6199","page","type-page","status-publish","hentry"],"_links":{"self":[{"href":"https:\/\/homine.tech\/en\/wp-json\/wp\/v2\/pages\/6199","targetHints":{"allow":["GET"]}}],"collection":[{"href":"https:\/\/homine.tech\/en\/wp-json\/wp\/v2\/pages"}],"about":[{"href":"https:\/\/homine.tech\/en\/wp-json\/wp\/v2\/types\/page"}],"author":[{"embeddable":true,"href":"https:\/\/homine.tech\/en\/wp-json\/wp\/v2\/users\/1"}],"replies":[{"embeddable":true,"href":"https:\/\/homine.tech\/en\/wp-json\/wp\/v2\/comments?post=6199"}],"version-history":[{"count":22,"href":"https:\/\/homine.tech\/en\/wp-json\/wp\/v2\/pages\/6199\/revisions"}],"predecessor-version":[{"id":6225,"href":"https:\/\/homine.tech\/en\/wp-json\/wp\/v2\/pages\/6199\/revisions\/6225"}],"wp:attachment":[{"href":"https:\/\/homine.tech\/en\/wp-json\/wp\/v2\/media?parent=6199"}],"curies":[{"name":"wp","href":"https:\/\/api.w.org\/{rel}","templated":true}]}}