{"id":271,"date":"2023-01-27T06:21:30","date_gmt":"2023-01-27T09:21:30","guid":{"rendered":"http:\/\/sitehomine.lionsmarketingdigital.com.br\/?page_id=271"},"modified":"2025-02-11T11:16:02","modified_gmt":"2025-02-11T14:16:02","slug":"trabalhe-conosco","status":"publish","type":"page","link":"https:\/\/homine.tech\/en\/trabalhe-conosco\/","title":{"rendered":"Work with us"},"content":{"rendered":"<div data-elementor-type=\"wp-page\" data-elementor-id=\"271\" class=\"elementor elementor-271\">\n\t\t\t\t\t\t<section class=\"elementor-section elementor-top-section elementor-element elementor-element-4ad39b9 elementor-section-stretched elementor-section-boxed elementor-section-height-default elementor-section-height-default\" data-id=\"4ad39b9\" data-element_type=\"section\" data-e-type=\"section\" data-settings=\"{&quot;stretch_section&quot;:&quot;section-stretched&quot;,&quot;background_background&quot;:&quot;classic&quot;}\">\n\t\t\t\t\t\t<div class=\"elementor-container elementor-column-gap-default\">\n\t\t\t\t\t<div class=\"elementor-column elementor-col-100 elementor-top-column elementor-element elementor-element-d21733c\" data-id=\"d21733c\" data-element_type=\"column\" data-e-type=\"column\">\n\t\t\t<div class=\"elementor-widget-wrap elementor-element-populated\">\n\t\t\t\t\t\t<div class=\"elementor-element elementor-element-ef08646 elementor-widget elementor-widget-heading\" data-id=\"ef08646\" data-element_type=\"widget\" data-e-type=\"widget\" data-widget_type=\"heading.default\">\n\t\t\t\t<div class=\"elementor-widget-container\">\n\t\t\t\t\t<h2 class=\"elementor-heading-title elementor-size-default\">Come be part of the Homine team!<\/h2>\t\t\t\t<\/div>\n\t\t\t\t<\/div>\n\t\t\t\t<section class=\"elementor-section elementor-inner-section elementor-element elementor-element-66f3939 elementor-section-boxed elementor-section-height-default elementor-section-height-default\" data-id=\"66f3939\" data-element_type=\"section\" data-e-type=\"section\">\n\t\t\t\t\t\t<div class=\"elementor-container elementor-column-gap-default\">\n\t\t\t\t\t<div class=\"elementor-column elementor-col-50 elementor-inner-column elementor-element elementor-element-d0ee016\" data-id=\"d0ee016\" data-element_type=\"column\" data-e-type=\"column\">\n\t\t\t<div class=\"elementor-widget-wrap elementor-element-populated\">\n\t\t\t\t\t\t<div class=\"elementor-element elementor-element-438381e elementor-widget elementor-widget-text-editor\" data-id=\"438381e\" data-element_type=\"widget\" data-e-type=\"widget\" data-widget_type=\"text-editor.default\">\n\t\t\t\t<div class=\"elementor-widget-container\">\n\t\t\t\t\t\t\t\t\t<p>Homine offers unique job opportunities, in projects for national and multinational companies in the most varied segments.<\/p><p>We are looking for experienced professionals, preferably bilingual and with global profiles, who can easily adapt to the company&#039;s culture.<\/p><p>To apply for our vacancies and be part of our talent pool, send your updated CV using the form on the side. If you have any questions, please contact our selection and recruitment team by email.\u00a0<a href=\"mailto:recrutamento@homine.tech\">recruitment@homine.tech<\/a><\/p><p>Check below some professional profiles that we hire for our projects and come work with us!<\/p><ul><li>BI Analyst<\/li><li>Data Analyst<\/li><li>IT Infrastructure Analyst<\/li><li>Process Analyst<\/li><li>IT\/Project Analyst<\/li><li>SAP Software Quality Assurance Analyst<\/li><li>Data Architect<\/li><li>Oracle EBS Architect<\/li><li>Salesforce Architect<\/li><li>ARIS Consultant<\/li><li>Data Governance Consultant<\/li><li>Pre-Sales and Implementation Consultant for Tax Systems<\/li><li>Consultant E-GR and E-FCI (SAP MM)<\/li><li>Consultant E-GTI (SAP MM)<\/li><li>Tax Consultant for Implementation and Support of Tax Systems<\/li><li>Oracle SCM Functional Consultant<\/li><li>SAP CRM Functional Consultant \u2013 CCS IS-Utilities<\/li><li>Lead SAP Consultant - DRC NFe<\/li><li>Oracle Fusion Cloud CX Consultant<\/li><li>Oracle Fusion Cloud Financials Consultant<\/li><li>Consultant SAP ABAP PI with GR<\/li><li>SAP ABAP Consultant<\/li><li>SAP Basis Consultant<\/li><li>SAP CO Consultant<\/li><li>SAP CPI-DS Consultant<\/li><li>SAP CREDIT MANAGEMENT Consultant<\/li><li>SAP EWM Consultant<\/li><li>SAP FI Consultant<\/li><li>SAP FI\/CO Consultant<\/li><li>SAP FSCM Consultant<\/li><li>SAP MII Consultant<\/li><li>SAP MM Consultant<\/li><li>SAP MM\/WM Consultant<\/li><li>SAP OTC-SD Consultant<\/li><li>SAP PI Consultant<\/li><li>SAP PM Consultant<\/li><li>SAP PP Consultant<\/li><li>SAP PS Consultant<\/li><li>SAP QM Consultant<\/li><li>SAP SD Consultant<\/li><li>SAP TM Consultant<\/li><li>SAP WM Consultant<\/li><li>IT coordinator<\/li><li>Developer C# .Net<\/li><li>GCP Developer<\/li><li>Java Developer<\/li><li>Java and React developer<\/li><li>JavaScript developer<\/li><li>SQL Developer<\/li><li>SAP HCM Functional Specialist<\/li><li>IT Project Manager<\/li><li>Business Intelligence Leader\u00a0<\/li><li>AWS Operations Leader<\/li><li>Multiplatform IT Recruiter<\/li><\/ul>\t\t\t\t\t\t\t\t<\/div>\n\t\t\t\t<\/div>\n\t\t\t\t\t<\/div>\n\t\t<\/div>\n\t\t\t\t<div class=\"elementor-column elementor-col-50 elementor-inner-column elementor-element elementor-element-207c08e\" data-id=\"207c08e\" data-element_type=\"column\" data-e-type=\"column\">\n\t\t\t<div class=\"elementor-widget-wrap elementor-element-populated\">\n\t\t\t\t\t\t<div class=\"elementor-element elementor-element-24fc31f elementor-widget elementor-widget-heading\" data-id=\"24fc31f\" data-element_type=\"widget\" data-e-type=\"widget\" data-widget_type=\"heading.default\">\n\t\t\t\t<div class=\"elementor-widget-container\">\n\t\t\t\t\t<h3 class=\"elementor-heading-title elementor-size-default\">fill the form<\/h3>\t\t\t\t<\/div>\n\t\t\t\t<\/div>\n\t\t\t\t<div class=\"elementor-element elementor-element-42a6869 elementor-widget elementor-widget-text-editor\" data-id=\"42a6869\" data-element_type=\"widget\" data-e-type=\"widget\" data-widget_type=\"text-editor.default\">\n\t\t\t\t<div class=\"elementor-widget-container\">\n\t\t\t\t\t\t\t\t\t<p>\n<div class=\"wpcf7 no-js\" id=\"wpcf7-f270-o1\" lang=\"pt-BR\" dir=\"ltr\" data-wpcf7-id=\"270\">\n<div class=\"screen-reader-response\"><p role=\"status\" aria-live=\"polite\" aria-atomic=\"true\"><\/p> <ul><\/ul><\/div>\n<form action=\"\/en\/wp-json\/wp\/v2\/pages\/271#wpcf7-f270-o1\" method=\"post\" class=\"wpcf7-form init\" aria-label=\"contact forms\" enctype=\"multipart\/form-data\" novalidate=\"novalidate\" data-status=\"init\" data-trp-original-action=\"\/en\/wp-json\/wp\/v2\/pages\/271#wpcf7-f270-o1\">\n<fieldset class=\"hidden-fields-container\"><input type=\"hidden\" name=\"_wpcf7\" value=\"270\" \/><input type=\"hidden\" name=\"_wpcf7_version\" value=\"6.1.5\" \/><input type=\"hidden\" name=\"_wpcf7_locale\" value=\"pt_BR\" \/><input type=\"hidden\" name=\"_wpcf7_unit_tag\" value=\"wpcf7-f270-o1\" \/><input type=\"hidden\" name=\"_wpcf7_container_post\" value=\"0\" \/><input type=\"hidden\" name=\"_wpcf7_posted_data_hash\" value=\"\" \/><input type=\"hidden\" name=\"_wpcf7dtx_version\" value=\"5.0.3\" \/><input type=\"hidden\" name=\"_wpcf7_recaptcha_response\" value=\"\" \/>\n<\/fieldset>\n<p><span class=\"wpcf7-form-control-wrap\" data-name=\"your-name\"><input size=\"40\" maxlength=\"400\" class=\"wpcf7-form-control wpcf7-text wpcf7-validates-as-required\" aria-required=\"true\" aria-invalid=\"false\" placeholder=\"Name\" value=\"\" type=\"text\" name=\"your-name\" \/><\/span>\n<\/p>\n<p><span class=\"wpcf7-form-control-wrap\" data-name=\"your-email\"><input size=\"40\" maxlength=\"400\" class=\"wpcf7-form-control wpcf7-email wpcf7-validates-as-required wpcf7-text wpcf7-validates-as-email\" aria-required=\"true\" aria-invalid=\"false\" placeholder=\"Email\" value=\"\" type=\"email\" name=\"your-email\" \/><\/span>\n<\/p>\n<p><span class=\"wpcf7-form-control-wrap\" data-name=\"your-subject\"><input size=\"40\" maxlength=\"400\" class=\"wpcf7-form-control wpcf7-text wpcf7-validates-as-required\" aria-required=\"true\" aria-invalid=\"false\" placeholder=\"Subject\" value=\"\" type=\"text\" name=\"your-subject\" \/><\/span>\n<\/p>\n<p><span class=\"wpcf7-form-control-wrap\" data-name=\"your-position\"><select class=\"wpcf7-form-control wpcf7-select wpcf7-validates-as-required\" aria-required=\"true\" aria-invalid=\"false\" name=\"your-position\"><option value=\"Escolha a vaga desejada\">Choose the desired vacancy<\/option><option value=\"Analista de BI\">BI Analyst<\/option><option value=\"Analista de Dados\">Data Analyst<\/option><option value=\"Analista de Infraestrutura de TI\">IT Infrastructure Analyst<\/option><option value=\"Analista de Processos\">Process Analyst<\/option><option value=\"Analista de TI\/Projetos\">IT\/Project Analyst<\/option><option value=\"Analista SAP Software Quality Assurance\">SAP Software Quality Assurance Analyst<\/option><option value=\"Arquiteto(a) de Dados\">Data Architect<\/option><option value=\"Arquiteto(a) Oracle EBS\">Oracle EBS Architect<\/option><option value=\"Arquiteto(a) Salesforce\">Salesforce Architect<\/option><option value=\"Consultor(a) ARIS\">ARIS Consultant<\/option><option value=\"Consultor(a) de Governan\u00e7a de Dados\">Data Governance Consultant<\/option><option value=\"Consultor(a) de Pr\u00e9-Vendas e Implanta\u00e7\u00e3o de Sistemas Fiscais\">Pre-Sales and Implementation Consultant for Tax Systems<\/option><option value=\"Consultor(a) E-GR e E-FCI (SAP MM)\">Consultant E-GR and E-FCI (SAP MM)<\/option><option value=\"Consultor(a) E-GTI (SAP MM)\">Consultant E-GTI (SAP MM)<\/option><option value=\"Consultor(a) Fiscal de Implanta\u00e7\u00e3o e Suporte de Sistemas Fiscais\">Tax Consultant for Implementation and Support of Tax Systems<\/option><option value=\"Consultor(a) Funcional Oracle SCM\">Oracle SCM Functional Consultant<\/option><option value=\"Consultor(a) Funcional SAP CRM \u2013 CCS IS-Utilities\">SAP CRM Functional Consultant \u2013 CCS IS-Utilities<\/option><option value=\"Consultor(a) L\u00edder SAP - DRC NFe\">Lead SAP Consultant - DRC NFe<\/option><option value=\"Consultor(a) Oracle Fusion Cloud CX\">Oracle Fusion Cloud CX Consultant<\/option><option value=\"Consultor(a) Oracle Fusion Cloud Financials\">Oracle Fusion Cloud Financials Consultant<\/option><option value=\"Consultor(a) SAP ABAP PI com GR\">Consultant SAP ABAP PI with GR<\/option><option value=\"Consultor(a) SAP ABAP\">SAP ABAP Consultant<\/option><option value=\"Consultor(a) SAP Basis\">SAP Basis Consultant<\/option><option value=\"Consultor(a) SAP CO\">SAP CO Consultant<\/option><option value=\"Consultor(a) SAP CPI-DS\">SAP CPI-DS Consultant<\/option><option value=\"Consultor(a) SAP CREDIT MANAGEMENT\">SAP CREDIT MANAGEMENT Consultant<\/option><option value=\"Consultor(a) SAP EWM\">SAP EWM Consultant<\/option><option value=\"Consultor(a) SAP FI\">SAP FI Consultant<\/option><option value=\"Consultor(a) SAP FI\/CO\">SAP FI\/CO Consultant<\/option><option value=\"Consultor(a) SAP FSCM\">SAP FSCM Consultant<\/option><option value=\"Consultor(a) SAP MM\">SAP MM Consultant<\/option><option value=\"Consultor(a) SAP MII\">SAP MII Consultant<\/option><option value=\"Consultor(a) SAP MM\/WM\">SAP MM\/WM Consultant<\/option><option value=\"Consultor(a) SAP OTC-SD\">SAP OTC-SD Consultant<\/option><option value=\"Consultor(a) SAP PI\">SAP PI Consultant<\/option><option value=\"Consultor(a) SAP PM\">SAP PM Consultant<\/option><option value=\"Consultor(a) SAP PP\">SAP PP Consultant<\/option><option value=\"Consultor(a) SAP PS\">SAP PS Consultant<\/option><option value=\"Consultor(a) SAP QM\">SAP QM Consultant<\/option><option value=\"Consultor(a) SAP SD\">SAP SD Consultant<\/option><option value=\"Consultor(a) SAP TM\">SAP TM Consultant<\/option><option value=\"Consultor(a) SAP WM\">SAP WM Consultant<\/option><option value=\"Coordenador(a) de TI\">IT coordinator<\/option><option value=\"Desenvolvedor(a) C# .Net\">Developer C# .Net<\/option><option value=\"Desenvolvedor(a) GCP\">GCP Developer<\/option><option value=\"Desenvolvedor(a) Java\">Java Developer<\/option><option value=\"Desenvolvedor(a) Java e React\">Java and React developer<\/option><option value=\"Desenvolvedor(a) JavaScript\">JavaScript developer<\/option><option value=\"Desenvolvedor(a) SQL\">SQL Developer<\/option><option value=\"Especialista Funcional SAP HCM\">SAP HCM Functional Specialist<\/option><option value=\"Gerente de Projetos de TI\">IT Project Manager<\/option><option value=\"L\u00edder de Business Intelligence\">Business Intelligence Leader<\/option><option value=\"L\u00edder de Opera\u00e7\u00f5es AWS\">AWS Operations Leader<\/option><option value=\"Recrutador(a) de TI para Multiplataforma\">Multiplatform IT Recruiter<\/option><option value=\"Outros\">Others<\/option><\/select><\/span>\n<\/p>\n<p><label> Attach your CV here<br \/>\n<span class=\"wpcf7-form-control-wrap\" data-name=\"anexocv\"><input size=\"40\" class=\"wpcf7-form-control wpcf7-file\" accept=\".doc,.docx,.pdf,.png,.jpg\" aria-invalid=\"false\" type=\"file\" name=\"anexocv\" \/><\/span><\/label><br \/>\n<input class=\"wpcf7-form-control wpcf7-submit has-spinner\" type=\"submit\" value=\"Send\" \/>\n<\/p><div class=\"wpcf7-response-output\" aria-hidden=\"true\"><\/div>\n<input type=\"hidden\" name=\"trp-form-language\" value=\"en\"\/><\/form>\n<\/div>\n<\/p>\t\t\t\t\t\t\t\t<\/div>\n\t\t\t\t<\/div>\n\t\t\t\t\t<\/div>\n\t\t<\/div>\n\t\t\t\t\t<\/div>\n\t\t<\/section>\n\t\t\t\t\t<\/div>\n\t\t<\/div>\n\t\t\t\t\t<\/div>\n\t\t<\/section>\n\t\t\t\t<\/div>","protected":false},"excerpt":{"rendered":"<p>Come be part of the Homine team! Homine offers unique work opportunities, on projects for national and multinational companies from the most varied segments. We are looking for professionals<span class=\"excerpt-hellip\"> [\u2026]<\/span><\/p>","protected":false},"author":1,"featured_media":0,"parent":0,"menu_order":0,"comment_status":"closed","ping_status":"closed","template":"","meta":{"footnotes":""},"class_list":["post-271","page","type-page","status-publish","hentry"],"_links":{"self":[{"href":"https:\/\/homine.tech\/en\/wp-json\/wp\/v2\/pages\/271","targetHints":{"allow":["GET"]}}],"collection":[{"href":"https:\/\/homine.tech\/en\/wp-json\/wp\/v2\/pages"}],"about":[{"href":"https:\/\/homine.tech\/en\/wp-json\/wp\/v2\/types\/page"}],"author":[{"embeddable":true,"href":"https:\/\/homine.tech\/en\/wp-json\/wp\/v2\/users\/1"}],"replies":[{"embeddable":true,"href":"https:\/\/homine.tech\/en\/wp-json\/wp\/v2\/comments?post=271"}],"version-history":[{"count":110,"href":"https:\/\/homine.tech\/en\/wp-json\/wp\/v2\/pages\/271\/revisions"}],"predecessor-version":[{"id":6139,"href":"https:\/\/homine.tech\/en\/wp-json\/wp\/v2\/pages\/271\/revisions\/6139"}],"wp:attachment":[{"href":"https:\/\/homine.tech\/en\/wp-json\/wp\/v2\/media?parent=271"}],"curies":[{"name":"wp","href":"https:\/\/api.w.org\/{rel}","templated":true}]}}